{"id":1391,"date":"2023-10-19T10:54:48","date_gmt":"2023-10-19T08:54:48","guid":{"rendered":"https:\/\/domainedelaprevote.com\/?page_id=1391"},"modified":"2026-04-14T12:01:08","modified_gmt":"2026-04-14T10:01:08","slug":"the-cottages","status":"publish","type":"page","link":"https:\/\/domainedelaprevote.com\/en\/the-cottages\/","title":{"rendered":"The cottages"},"content":{"rendered":"<div class=\"wpb-content-wrapper\"><p>[vc_row row_height_percent=&#8221;0&#8243; overlay_alpha=&#8221;50&#8243; gutter_size=&#8221;3&#8243; column_width_percent=&#8221;100&#8243; shift_y=&#8221;0&#8243; z_index=&#8221;0&#8243; uncode_shortcode_id=&#8221;141362&#8243;][vc_column width=&#8221;1\/1&#8243;][vc_column_text uncode_shortcode_id=&#8221;337944&#8243;]Our cottages offer both the comfort of renovated accommodations and the charm of a historic setting. You can relax and enjoy time with your family or friends. The four cottages are available for private rental and can accommodate up to <strong>48 people<\/strong>. During the day, the estate\u2019s outdoor areas can accommodate <strong>up to 70 people<\/strong>.[\/vc_column_text][vc_row_inner][vc_column_inner column_width_percent=&#8221;100&#8243; align_horizontal=&#8221;align_center&#8221; gutter_size=&#8221;3&#8243; overlay_alpha=&#8221;50&#8243; radius=&#8221;xl&#8221; shadow=&#8221;std&#8221; shift_x=&#8221;0&#8243; shift_y=&#8221;0&#8243; shift_y_down=&#8221;0&#8243; z_index=&#8221;0&#8243; medium_width=&#8221;0&#8243; mobile_width=&#8221;0&#8243; width=&#8221;1\/3&#8243; uncode_shortcode_id=&#8221;194360&#8243; back_color_type=&#8221;uncode-solid&#8221; back_color_solid=&#8221;#ffffff&#8221;][vc_icon icon_image=&#8221;728&#8243; linked_title=&#8221;yes&#8221; text_reduced=&#8221;yes&#8221; css_animation=&#8221;zoom-in&#8221; uncode_shortcode_id=&#8221;208692&#8243; title=&#8221;Le Mas&#8221; link=&#8221;url:https%3A%2F%2Fdomainedelaprevote.com%2Fen%2Fthe-cottages%2Fle-mas%2F|title:Le%20mas&#8221; link_text=&#8221;I&#8217;m discovering&#8221; el_class=&#8221;homepage-gites&#8221;]<\/p>\n<p style=\"text-align: center;\"><strong>Typically Proven\u00e7al!<br \/>\nAn iconic vacation rental for gatherings.<\/strong><\/p>\n<p>[\/vc_icon][\/vc_column_inner][vc_column_inner column_width_percent=&#8221;100&#8243; align_horizontal=&#8221;align_center&#8221; gutter_size=&#8221;3&#8243; overlay_alpha=&#8221;50&#8243; radius=&#8221;xl&#8221; shadow=&#8221;std&#8221; shift_x=&#8221;0&#8243; shift_y=&#8221;0&#8243; shift_y_down=&#8221;0&#8243; z_index=&#8221;0&#8243; medium_width=&#8221;0&#8243; mobile_width=&#8221;0&#8243; width=&#8221;1\/3&#8243; uncode_shortcode_id=&#8221;175697&#8243; back_color_type=&#8221;uncode-solid&#8221; back_color_solid=&#8221;#ffffff&#8221;][vc_icon icon_image=&#8221;738&#8243; linked_title=&#8221;yes&#8221; text_reduced=&#8221;yes&#8221; css_animation=&#8221;zoom-in&#8221; uncode_shortcode_id=&#8221;991032&#8243; title=&#8221;Le Bastidon&#8221; link=&#8221;url:https%3A%2F%2Fdomainedelaprevote.com%2Fen%2Fthe-cottages%2Fle-bastidon%2F|title:Le%20mas&#8221; link_text=&#8221;I&#8217;m discovering&#8221; el_class=&#8221;homepage-gites&#8221;]<\/p>\n<p style=\"text-align: center;\"><strong>Next to the p\u00e9tanque court and overlooking the pool!<\/strong><\/p>\n<p>[\/vc_icon][\/vc_column_inner][vc_column_inner column_width_percent=&#8221;100&#8243; align_horizontal=&#8221;align_center&#8221; gutter_size=&#8221;3&#8243; overlay_alpha=&#8221;50&#8243; radius=&#8221;xl&#8221; shadow=&#8221;std&#8221; shift_x=&#8221;0&#8243; shift_y=&#8221;0&#8243; shift_y_down=&#8221;0&#8243; z_index=&#8221;0&#8243; medium_width=&#8221;0&#8243; mobile_width=&#8221;0&#8243; width=&#8221;1\/3&#8243; uncode_shortcode_id=&#8221;175061&#8243; back_color_type=&#8221;uncode-solid&#8221; back_color_solid=&#8221;#ffffff&#8221;][vc_icon icon_image=&#8221;747&#8243; linked_title=&#8221;yes&#8221; text_reduced=&#8221;yes&#8221; css_animation=&#8221;zoom-in&#8221; uncode_shortcode_id=&#8221;622842&#8243; title=&#8221;La Ferme&#8221; link=&#8221;url:https%3A%2F%2Fdomainedelaprevote.com%2Fen%2Fthe-cottages%2Fla-ferme%2F|title:Le%20mas&#8221; link_text=&#8221;I&#8217;m discovering&#8221; el_class=&#8221;homepage-gites&#8221;]<\/p>\n<p style=\"text-align: center;\"><strong>An old farmhouse steeped in history.<br \/>\nFor lovers of stone architecture.<\/strong><\/p>\n<p>[\/vc_icon][\/vc_column_inner][\/vc_row_inner][vc_row_inner][vc_column_inner column_width_percent=&#8221;100&#8243; align_horizontal=&#8221;align_center&#8221; gutter_size=&#8221;3&#8243; overlay_alpha=&#8221;50&#8243; radius=&#8221;xl&#8221; shadow=&#8221;std&#8221; shift_x=&#8221;0&#8243; shift_y=&#8221;0&#8243; shift_y_down=&#8221;0&#8243; z_index=&#8221;0&#8243; medium_width=&#8221;0&#8243; mobile_width=&#8221;0&#8243; width=&#8221;1\/3&#8243; uncode_shortcode_id=&#8221;768002&#8243; back_color_type=&#8221;uncode-solid&#8221; back_color_solid=&#8221;#ffffff&#8221;][vc_icon icon_image=&#8221;1270&#8243; linked_title=&#8221;yes&#8221; text_reduced=&#8221;yes&#8221; css_animation=&#8221;zoom-in&#8221; uncode_shortcode_id=&#8221;110031&#8243; title=&#8221;La Tropezienne&#8221; link=&#8221;url:https%3A%2F%2Fdomainedelaprevote.com%2Fen%2Fthe-cottages%2Fla-tropezienne%2F|title:Le%20mas&#8221; link_text=&#8221;I&#8217;m discovering&#8221; el_class=&#8221;homepage-gites&#8221;]<\/p>\n<p style=\"text-align: center;\"><strong>You&#8217;re sure to fall in love with it! A terrace overlooking the vineyards<\/strong><\/p>\n<p>[\/vc_icon][\/vc_column_inner][vc_column_inner column_width_percent=&#8221;100&#8243; align_horizontal=&#8221;align_center&#8221; gutter_size=&#8221;3&#8243; overlay_alpha=&#8221;50&#8243; shift_x=&#8221;0&#8243; shift_y=&#8221;0&#8243; shift_y_down=&#8221;0&#8243; z_index=&#8221;0&#8243; medium_width=&#8221;0&#8243; mobile_width=&#8221;0&#8243; width=&#8221;1\/3&#8243; uncode_shortcode_id=&#8221;871184&#8243; back_color_type=&#8221;uncode-solid&#8221;][\/vc_column_inner][vc_column_inner column_width_percent=&#8221;100&#8243; position_vertical=&#8221;middle&#8221; gutter_size=&#8221;3&#8243; overlay_alpha=&#8221;50&#8243; shift_x=&#8221;0&#8243; shift_y=&#8221;0&#8243; shift_y_down=&#8221;0&#8243; z_index=&#8221;0&#8243; medium_width=&#8221;0&#8243; mobile_width=&#8221;0&#8243; width=&#8221;1\/3&#8243; uncode_shortcode_id=&#8221;196847&#8243;][vc_single_image media=&#8221;464&#8243; media_width_percent=&#8221;100&#8243; css_animation=&#8221;alpha-anim&#8221; animation_speed=&#8221;1000&#8243; animation_delay=&#8221;400&#8243; uncode_shortcode_id=&#8221;854719&#8243;][\/vc_column_inner][\/vc_row_inner][vc_column_text uncode_shortcode_id=&#8221;947153&#8243;]During the off-season, you can rent the entire property as a group retreat, including room rentals[\/vc_column_text][\/vc_column][\/vc_row]<\/p>\n<\/div>","protected":false},"excerpt":{"rendered":"<p>[vc_row row_height_percent=&#8221;0&#8243; overlay_alpha=&#8221;50&#8243; gutter_size=&#8221;3&#8243; column_width_percent=&#8221;100&#8243; shift_y=&#8221;0&#8243; z_index=&#8221;0&#8243; uncode_shortcode_id=&#8221;141362&#8243;][vc_column width=&#8221;1\/1&#8243;][vc_column_text uncode_shortcode_id=&#8221;337944&#8243;]Our cottages offer both the comfort of renovated accommodations and the [&hellip;]<\/p>\n","protected":false},"author":1,"featured_media":791,"parent":0,"menu_order":0,"comment_status":"closed","ping_status":"closed","template":"","meta":{"footnotes":""},"class_list":["post-1391","page","type-page","status-publish","has-post-thumbnail","hentry"],"yoast_head":"<!-- This site is optimized with the Yoast SEO plugin v27.5 - https:\/\/yoast.com\/product\/yoast-seo-wordpress\/ -->\n<title>The cottages - Domaine de la Pr\u00e9vote<\/title>\n<meta name=\"robots\" content=\"index, follow, max-snippet:-1, max-image-preview:large, max-video-preview:-1\" \/>\n<link rel=\"canonical\" href=\"https:\/\/domainedelaprevote.com\/en\/the-cottages\/\" \/>\n<meta property=\"og:locale\" content=\"en_US\" \/>\n<meta property=\"og:type\" content=\"article\" \/>\n<meta property=\"og:title\" content=\"The cottages - Domaine de la Pr\u00e9vote\" \/>\n<meta property=\"og:description\" content=\"[vc_row row_height_percent=&#8221;0&#8243; overlay_alpha=&#8221;50&#8243; gutter_size=&#8221;3&#8243; column_width_percent=&#8221;100&#8243; shift_y=&#8221;0&#8243; z_index=&#8221;0&#8243; uncode_shortcode_id=&#8221;141362&#8243;][vc_column width=&#8221;1\/1&#8243;][vc_column_text uncode_shortcode_id=&#8221;337944&#8243;]Our cottages offer both the comfort of renovated accommodations and the [&hellip;]\" \/>\n<meta property=\"og:url\" content=\"https:\/\/domainedelaprevote.com\/en\/the-cottages\/\" \/>\n<meta property=\"og:site_name\" content=\"Domaine de la Pr\u00e9vote\" \/>\n<meta property=\"article:modified_time\" content=\"2026-04-14T10:01:08+00:00\" \/>\n<meta property=\"og:image\" content=\"https:\/\/domainedelaprevote.com\/wp-content\/uploads\/2024\/05\/domaine-prevote-vue.jpg\" \/>\n\t<meta property=\"og:image:width\" content=\"1300\" \/>\n\t<meta property=\"og:image:height\" content=\"776\" \/>\n\t<meta property=\"og:image:type\" content=\"image\/jpeg\" \/>\n<meta name=\"twitter:card\" content=\"summary_large_image\" \/>\n<script type=\"application\/ld+json\" class=\"yoast-schema-graph\">{\"@context\":\"https:\\\/\\\/schema.org\",\"@graph\":[{\"@type\":\"WebPage\",\"@id\":\"https:\\\/\\\/domainedelaprevote.com\\\/en\\\/the-cottages\\\/\",\"url\":\"https:\\\/\\\/domainedelaprevote.com\\\/en\\\/the-cottages\\\/\",\"name\":\"The cottages - Domaine de la Pr\u00e9vote\",\"isPartOf\":{\"@id\":\"https:\\\/\\\/domainedelaprevote.com\\\/en\\\/#website\"},\"primaryImageOfPage\":{\"@id\":\"https:\\\/\\\/domainedelaprevote.com\\\/en\\\/the-cottages\\\/#primaryimage\"},\"image\":{\"@id\":\"https:\\\/\\\/domainedelaprevote.com\\\/en\\\/the-cottages\\\/#primaryimage\"},\"thumbnailUrl\":\"https:\\\/\\\/domainedelaprevote.com\\\/wp-content\\\/uploads\\\/2024\\\/05\\\/domaine-prevote-vue.jpg\",\"datePublished\":\"2023-10-19T08:54:48+00:00\",\"dateModified\":\"2026-04-14T10:01:08+00:00\",\"breadcrumb\":{\"@id\":\"https:\\\/\\\/domainedelaprevote.com\\\/en\\\/the-cottages\\\/#breadcrumb\"},\"inLanguage\":\"en-US\",\"potentialAction\":[{\"@type\":\"ReadAction\",\"target\":[\"https:\\\/\\\/domainedelaprevote.com\\\/en\\\/the-cottages\\\/\"]}]},{\"@type\":\"ImageObject\",\"inLanguage\":\"en-US\",\"@id\":\"https:\\\/\\\/domainedelaprevote.com\\\/en\\\/the-cottages\\\/#primaryimage\",\"url\":\"https:\\\/\\\/domainedelaprevote.com\\\/wp-content\\\/uploads\\\/2024\\\/05\\\/domaine-prevote-vue.jpg\",\"contentUrl\":\"https:\\\/\\\/domainedelaprevote.com\\\/wp-content\\\/uploads\\\/2024\\\/05\\\/domaine-prevote-vue.jpg\",\"width\":1300,\"height\":776},{\"@type\":\"BreadcrumbList\",\"@id\":\"https:\\\/\\\/domainedelaprevote.com\\\/en\\\/the-cottages\\\/#breadcrumb\",\"itemListElement\":[{\"@type\":\"ListItem\",\"position\":1,\"name\":\"Accueil\",\"item\":\"https:\\\/\\\/domainedelaprevote.com\\\/en\\\/\"},{\"@type\":\"ListItem\",\"position\":2,\"name\":\"The cottages\"}]},{\"@type\":\"WebSite\",\"@id\":\"https:\\\/\\\/domainedelaprevote.com\\\/en\\\/#website\",\"url\":\"https:\\\/\\\/domainedelaprevote.com\\\/en\\\/\",\"name\":\"Domaine de la Pr\u00e9v\u00f4te\",\"description\":\"G\u00eetes Proven\u00e7aux et Vignobles\",\"publisher\":{\"@id\":\"https:\\\/\\\/domainedelaprevote.com\\\/en\\\/#organization\"},\"potentialAction\":[{\"@type\":\"SearchAction\",\"target\":{\"@type\":\"EntryPoint\",\"urlTemplate\":\"https:\\\/\\\/domainedelaprevote.com\\\/en\\\/?s={search_term_string}\"},\"query-input\":{\"@type\":\"PropertyValueSpecification\",\"valueRequired\":true,\"valueName\":\"search_term_string\"}}],\"inLanguage\":\"en-US\"},{\"@type\":\"Organization\",\"@id\":\"https:\\\/\\\/domainedelaprevote.com\\\/en\\\/#organization\",\"name\":\"Domaine de la Pr\u00e9v\u00f4te\",\"url\":\"https:\\\/\\\/domainedelaprevote.com\\\/en\\\/\",\"logo\":{\"@type\":\"ImageObject\",\"inLanguage\":\"en-US\",\"@id\":\"https:\\\/\\\/domainedelaprevote.com\\\/en\\\/#\\\/schema\\\/logo\\\/image\\\/\",\"url\":\"https:\\\/\\\/domainedelaprevote.com\\\/wp-content\\\/uploads\\\/2024\\\/05\\\/logo-domaine-prevote@2x.png\",\"contentUrl\":\"https:\\\/\\\/domainedelaprevote.com\\\/wp-content\\\/uploads\\\/2024\\\/05\\\/logo-domaine-prevote@2x.png\",\"width\":800,\"height\":352,\"caption\":\"Domaine de la Pr\u00e9v\u00f4te\"},\"image\":{\"@id\":\"https:\\\/\\\/domainedelaprevote.com\\\/en\\\/#\\\/schema\\\/logo\\\/image\\\/\"}}]}<\/script>\n<!-- \/ Yoast SEO plugin. -->","yoast_head_json":{"title":"The cottages - Domaine de la Pr\u00e9vote","robots":{"index":"index","follow":"follow","max-snippet":"max-snippet:-1","max-image-preview":"max-image-preview:large","max-video-preview":"max-video-preview:-1"},"canonical":"https:\/\/domainedelaprevote.com\/en\/the-cottages\/","og_locale":"en_US","og_type":"article","og_title":"The cottages - Domaine de la Pr\u00e9vote","og_description":"[vc_row row_height_percent=&#8221;0&#8243; overlay_alpha=&#8221;50&#8243; gutter_size=&#8221;3&#8243; column_width_percent=&#8221;100&#8243; shift_y=&#8221;0&#8243; z_index=&#8221;0&#8243; uncode_shortcode_id=&#8221;141362&#8243;][vc_column width=&#8221;1\/1&#8243;][vc_column_text uncode_shortcode_id=&#8221;337944&#8243;]Our cottages offer both the comfort of renovated accommodations and the [&hellip;]","og_url":"https:\/\/domainedelaprevote.com\/en\/the-cottages\/","og_site_name":"Domaine de la Pr\u00e9vote","article_modified_time":"2026-04-14T10:01:08+00:00","og_image":[{"width":1300,"height":776,"url":"https:\/\/domainedelaprevote.com\/wp-content\/uploads\/2024\/05\/domaine-prevote-vue.jpg","type":"image\/jpeg"}],"twitter_card":"summary_large_image","schema":{"@context":"https:\/\/schema.org","@graph":[{"@type":"WebPage","@id":"https:\/\/domainedelaprevote.com\/en\/the-cottages\/","url":"https:\/\/domainedelaprevote.com\/en\/the-cottages\/","name":"The cottages - Domaine de la Pr\u00e9vote","isPartOf":{"@id":"https:\/\/domainedelaprevote.com\/en\/#website"},"primaryImageOfPage":{"@id":"https:\/\/domainedelaprevote.com\/en\/the-cottages\/#primaryimage"},"image":{"@id":"https:\/\/domainedelaprevote.com\/en\/the-cottages\/#primaryimage"},"thumbnailUrl":"https:\/\/domainedelaprevote.com\/wp-content\/uploads\/2024\/05\/domaine-prevote-vue.jpg","datePublished":"2023-10-19T08:54:48+00:00","dateModified":"2026-04-14T10:01:08+00:00","breadcrumb":{"@id":"https:\/\/domainedelaprevote.com\/en\/the-cottages\/#breadcrumb"},"inLanguage":"en-US","potentialAction":[{"@type":"ReadAction","target":["https:\/\/domainedelaprevote.com\/en\/the-cottages\/"]}]},{"@type":"ImageObject","inLanguage":"en-US","@id":"https:\/\/domainedelaprevote.com\/en\/the-cottages\/#primaryimage","url":"https:\/\/domainedelaprevote.com\/wp-content\/uploads\/2024\/05\/domaine-prevote-vue.jpg","contentUrl":"https:\/\/domainedelaprevote.com\/wp-content\/uploads\/2024\/05\/domaine-prevote-vue.jpg","width":1300,"height":776},{"@type":"BreadcrumbList","@id":"https:\/\/domainedelaprevote.com\/en\/the-cottages\/#breadcrumb","itemListElement":[{"@type":"ListItem","position":1,"name":"Accueil","item":"https:\/\/domainedelaprevote.com\/en\/"},{"@type":"ListItem","position":2,"name":"The cottages"}]},{"@type":"WebSite","@id":"https:\/\/domainedelaprevote.com\/en\/#website","url":"https:\/\/domainedelaprevote.com\/en\/","name":"Domaine de la Pr\u00e9v\u00f4te","description":"G\u00eetes Proven\u00e7aux et Vignobles","publisher":{"@id":"https:\/\/domainedelaprevote.com\/en\/#organization"},"potentialAction":[{"@type":"SearchAction","target":{"@type":"EntryPoint","urlTemplate":"https:\/\/domainedelaprevote.com\/en\/?s={search_term_string}"},"query-input":{"@type":"PropertyValueSpecification","valueRequired":true,"valueName":"search_term_string"}}],"inLanguage":"en-US"},{"@type":"Organization","@id":"https:\/\/domainedelaprevote.com\/en\/#organization","name":"Domaine de la Pr\u00e9v\u00f4te","url":"https:\/\/domainedelaprevote.com\/en\/","logo":{"@type":"ImageObject","inLanguage":"en-US","@id":"https:\/\/domainedelaprevote.com\/en\/#\/schema\/logo\/image\/","url":"https:\/\/domainedelaprevote.com\/wp-content\/uploads\/2024\/05\/logo-domaine-prevote@2x.png","contentUrl":"https:\/\/domainedelaprevote.com\/wp-content\/uploads\/2024\/05\/logo-domaine-prevote@2x.png","width":800,"height":352,"caption":"Domaine de la Pr\u00e9v\u00f4te"},"image":{"@id":"https:\/\/domainedelaprevote.com\/en\/#\/schema\/logo\/image\/"}}]}},"_links":{"self":[{"href":"https:\/\/domainedelaprevote.com\/en\/wp-json\/wp\/v2\/pages\/1391","targetHints":{"allow":["GET"]}}],"collection":[{"href":"https:\/\/domainedelaprevote.com\/en\/wp-json\/wp\/v2\/pages"}],"about":[{"href":"https:\/\/domainedelaprevote.com\/en\/wp-json\/wp\/v2\/types\/page"}],"author":[{"embeddable":true,"href":"https:\/\/domainedelaprevote.com\/en\/wp-json\/wp\/v2\/users\/1"}],"replies":[{"embeddable":true,"href":"https:\/\/domainedelaprevote.com\/en\/wp-json\/wp\/v2\/comments?post=1391"}],"version-history":[{"count":5,"href":"https:\/\/domainedelaprevote.com\/en\/wp-json\/wp\/v2\/pages\/1391\/revisions"}],"predecessor-version":[{"id":1476,"href":"https:\/\/domainedelaprevote.com\/en\/wp-json\/wp\/v2\/pages\/1391\/revisions\/1476"}],"wp:featuredmedia":[{"embeddable":true,"href":"https:\/\/domainedelaprevote.com\/en\/wp-json\/wp\/v2\/media\/791"}],"wp:attachment":[{"href":"https:\/\/domainedelaprevote.com\/en\/wp-json\/wp\/v2\/media?parent=1391"}],"curies":[{"name":"wp","href":"https:\/\/api.w.org\/{rel}","templated":true}]}}