{"id":1482,"date":"2023-10-19T10:54:17","date_gmt":"2023-10-19T08:54:17","guid":{"rendered":"https:\/\/domainedelaprevote.com\/?page_id=1482"},"modified":"2026-04-14T14:46:27","modified_gmt":"2026-04-14T12:46:27","slug":"reservation","status":"publish","type":"page","link":"https:\/\/domainedelaprevote.com\/en\/reservation\/","title":{"rendered":"Reservation"},"content":{"rendered":"<div class=\"wpb-content-wrapper\"><p>[vc_row row_height_percent=&#8221;0&#8243; overlay_alpha=&#8221;90&#8243; gutter_size=&#8221;3&#8243; column_width_percent=&#8221;100&#8243; shift_y=&#8221;0&#8243; z_index=&#8221;0&#8243; uncode_shortcode_id=&#8221;570053&#8243; css=&#8221;.vc_custom_1706862090166{padding-top: 50px !important;padding-bottom: 80px !important;}&#8221;][vc_column width=&#8221;1\/2&#8243;][vc_column_text uncode_shortcode_id=&#8221;398284&#8243;]<b>Rent one or two vacation rentals:<\/b><br \/>\nWeekend or weekly rentals[\/vc_column_text][vc_button button_color=&#8221;color-b3ba5d&#8221; radius=&#8221;btn-round&#8221; border_width=&#8221;0&#8243; icon_position=&#8221;right&#8221; lbox_skin=&#8221;white&#8221; link=&#8221;url:https%3A%2F%2Fdomainedelaprevote.com%2Fen%2Fcontact-us%2F|title:Les%20g%C3%AEtes&#8221; uncode_shortcode_id=&#8221;836748&#8243; icon=&#8221;fa fa-chevron-right&#8221; button_color_type=&#8221;uncode-palette&#8221;]Book your cottage[\/vc_button][vc_column_text uncode_shortcode_id=&#8221;170185&#8243;]<b>An evening, a day, or an afternoon outdoors:<\/b><br \/>\nRent our reception hall (max. 50 people) or the estate\u2019s outdoor space.[\/vc_column_text][vc_button button_color=&#8221;color-b3ba5d&#8221; radius=&#8221;btn-round&#8221; border_width=&#8221;0&#8243; icon_position=&#8221;right&#8221; lbox_skin=&#8221;white&#8221; link=&#8221;url:https%3A%2F%2Fdomainedelaprevote.com%2Fen%2Fcontact-us%2F|title:Les%20g%C3%AEtes&#8221; uncode_shortcode_id=&#8221;737062&#8243; icon=&#8221;fa fa-chevron-right&#8221; button_color_type=&#8221;uncode-palette&#8221;]Contact-us[\/vc_button][\/vc_column][vc_column width=&#8221;1\/2&#8243;][vc_column_text uncode_shortcode_id=&#8221;180457&#8243;]<b>Private Rentals:<\/b><span style=\"font-weight: 400;\"><br \/>\nInterested in renting the estate for a special event?<\/span>[\/vc_column_text][vc_button button_color=&#8221;color-b3ba5d&#8221; radius=&#8221;btn-round&#8221; border_width=&#8221;0&#8243; icon_position=&#8221;right&#8221; lbox_skin=&#8221;white&#8221; link=&#8221;url:https%3A%2F%2Fdomainedelaprevote.com%2Fen%2Fcontact-us%2F|title:Les%20g%C3%AEtes&#8221; uncode_shortcode_id=&#8221;127136&#8243; icon=&#8221;fa fa-chevron-right&#8221; button_color_type=&#8221;uncode-palette&#8221;]Book the entire estate[\/vc_button][\/vc_column][\/vc_row]<\/p>\n<\/div>","protected":false},"excerpt":{"rendered":"<p>[vc_row row_height_percent=&#8221;0&#8243; overlay_alpha=&#8221;90&#8243; gutter_size=&#8221;3&#8243; column_width_percent=&#8221;100&#8243; shift_y=&#8221;0&#8243; z_index=&#8221;0&#8243; uncode_shortcode_id=&#8221;570053&#8243; css=&#8221;.vc_custom_1706862090166{padding-top: 50px !important;padding-bottom: 80px !important;}&#8221;][vc_column width=&#8221;1\/2&#8243;][vc_column_text uncode_shortcode_id=&#8221;398284&#8243;]Rent one or two vacation rentals: [&hellip;]<\/p>\n","protected":false},"author":1,"featured_media":873,"parent":0,"menu_order":0,"comment_status":"closed","ping_status":"closed","template":"","meta":{"footnotes":""},"class_list":["post-1482","page","type-page","status-publish","has-post-thumbnail","hentry"],"yoast_head":"<!-- This site is optimized with the Yoast SEO plugin v27.5 - https:\/\/yoast.com\/product\/yoast-seo-wordpress\/ -->\n<title>Reservation - Domaine de la Pr\u00e9vote<\/title>\n<meta name=\"robots\" content=\"index, follow, max-snippet:-1, max-image-preview:large, max-video-preview:-1\" \/>\n<link rel=\"canonical\" href=\"https:\/\/domainedelaprevote.com\/en\/reservation\/\" \/>\n<meta property=\"og:locale\" content=\"en_US\" \/>\n<meta property=\"og:type\" content=\"article\" \/>\n<meta property=\"og:title\" content=\"Reservation - Domaine de la Pr\u00e9vote\" \/>\n<meta property=\"og:description\" content=\"[vc_row row_height_percent=&#8221;0&#8243; overlay_alpha=&#8221;90&#8243; gutter_size=&#8221;3&#8243; column_width_percent=&#8221;100&#8243; shift_y=&#8221;0&#8243; z_index=&#8221;0&#8243; uncode_shortcode_id=&#8221;570053&#8243; css=&#8221;.vc_custom_1706862090166{padding-top: 50px !important;padding-bottom: 80px !important;}&#8221;][vc_column width=&#8221;1\/2&#8243;][vc_column_text uncode_shortcode_id=&#8221;398284&#8243;]Rent one or two vacation rentals: [&hellip;]\" \/>\n<meta property=\"og:url\" content=\"https:\/\/domainedelaprevote.com\/en\/reservation\/\" \/>\n<meta property=\"og:site_name\" content=\"Domaine de la Pr\u00e9vote\" \/>\n<meta property=\"article:modified_time\" content=\"2026-04-14T12:46:27+00:00\" \/>\n<meta property=\"og:image\" content=\"https:\/\/domainedelaprevote.com\/wp-content\/uploads\/2024\/06\/titre-reservation.jpg\" \/>\n\t<meta property=\"og:image:width\" content=\"1200\" \/>\n\t<meta property=\"og:image:height\" content=\"710\" \/>\n\t<meta property=\"og:image:type\" content=\"image\/jpeg\" \/>\n<meta name=\"twitter:card\" content=\"summary_large_image\" \/>\n<script type=\"application\/ld+json\" class=\"yoast-schema-graph\">{\"@context\":\"https:\\\/\\\/schema.org\",\"@graph\":[{\"@type\":\"WebPage\",\"@id\":\"https:\\\/\\\/domainedelaprevote.com\\\/en\\\/reservation\\\/\",\"url\":\"https:\\\/\\\/domainedelaprevote.com\\\/en\\\/reservation\\\/\",\"name\":\"Reservation - Domaine de la Pr\u00e9vote\",\"isPartOf\":{\"@id\":\"https:\\\/\\\/domainedelaprevote.com\\\/en\\\/#website\"},\"primaryImageOfPage\":{\"@id\":\"https:\\\/\\\/domainedelaprevote.com\\\/en\\\/reservation\\\/#primaryimage\"},\"image\":{\"@id\":\"https:\\\/\\\/domainedelaprevote.com\\\/en\\\/reservation\\\/#primaryimage\"},\"thumbnailUrl\":\"https:\\\/\\\/domainedelaprevote.com\\\/wp-content\\\/uploads\\\/2024\\\/06\\\/titre-reservation.jpg\",\"datePublished\":\"2023-10-19T08:54:17+00:00\",\"dateModified\":\"2026-04-14T12:46:27+00:00\",\"breadcrumb\":{\"@id\":\"https:\\\/\\\/domainedelaprevote.com\\\/en\\\/reservation\\\/#breadcrumb\"},\"inLanguage\":\"en-US\",\"potentialAction\":[{\"@type\":\"ReadAction\",\"target\":[\"https:\\\/\\\/domainedelaprevote.com\\\/en\\\/reservation\\\/\"]}]},{\"@type\":\"ImageObject\",\"inLanguage\":\"en-US\",\"@id\":\"https:\\\/\\\/domainedelaprevote.com\\\/en\\\/reservation\\\/#primaryimage\",\"url\":\"https:\\\/\\\/domainedelaprevote.com\\\/wp-content\\\/uploads\\\/2024\\\/06\\\/titre-reservation.jpg\",\"contentUrl\":\"https:\\\/\\\/domainedelaprevote.com\\\/wp-content\\\/uploads\\\/2024\\\/06\\\/titre-reservation.jpg\",\"width\":1200,\"height\":710},{\"@type\":\"BreadcrumbList\",\"@id\":\"https:\\\/\\\/domainedelaprevote.com\\\/en\\\/reservation\\\/#breadcrumb\",\"itemListElement\":[{\"@type\":\"ListItem\",\"position\":1,\"name\":\"Accueil\",\"item\":\"https:\\\/\\\/domainedelaprevote.com\\\/en\\\/\"},{\"@type\":\"ListItem\",\"position\":2,\"name\":\"Reservation\"}]},{\"@type\":\"WebSite\",\"@id\":\"https:\\\/\\\/domainedelaprevote.com\\\/en\\\/#website\",\"url\":\"https:\\\/\\\/domainedelaprevote.com\\\/en\\\/\",\"name\":\"Domaine de la Pr\u00e9v\u00f4te\",\"description\":\"G\u00eetes Proven\u00e7aux et Vignobles\",\"publisher\":{\"@id\":\"https:\\\/\\\/domainedelaprevote.com\\\/en\\\/#organization\"},\"potentialAction\":[{\"@type\":\"SearchAction\",\"target\":{\"@type\":\"EntryPoint\",\"urlTemplate\":\"https:\\\/\\\/domainedelaprevote.com\\\/en\\\/?s={search_term_string}\"},\"query-input\":{\"@type\":\"PropertyValueSpecification\",\"valueRequired\":true,\"valueName\":\"search_term_string\"}}],\"inLanguage\":\"en-US\"},{\"@type\":\"Organization\",\"@id\":\"https:\\\/\\\/domainedelaprevote.com\\\/en\\\/#organization\",\"name\":\"Domaine de la Pr\u00e9v\u00f4te\",\"url\":\"https:\\\/\\\/domainedelaprevote.com\\\/en\\\/\",\"logo\":{\"@type\":\"ImageObject\",\"inLanguage\":\"en-US\",\"@id\":\"https:\\\/\\\/domainedelaprevote.com\\\/en\\\/#\\\/schema\\\/logo\\\/image\\\/\",\"url\":\"https:\\\/\\\/domainedelaprevote.com\\\/wp-content\\\/uploads\\\/2024\\\/05\\\/logo-domaine-prevote@2x.png\",\"contentUrl\":\"https:\\\/\\\/domainedelaprevote.com\\\/wp-content\\\/uploads\\\/2024\\\/05\\\/logo-domaine-prevote@2x.png\",\"width\":800,\"height\":352,\"caption\":\"Domaine de la Pr\u00e9v\u00f4te\"},\"image\":{\"@id\":\"https:\\\/\\\/domainedelaprevote.com\\\/en\\\/#\\\/schema\\\/logo\\\/image\\\/\"}}]}<\/script>\n<!-- \/ Yoast SEO plugin. -->","yoast_head_json":{"title":"Reservation - Domaine de la Pr\u00e9vote","robots":{"index":"index","follow":"follow","max-snippet":"max-snippet:-1","max-image-preview":"max-image-preview:large","max-video-preview":"max-video-preview:-1"},"canonical":"https:\/\/domainedelaprevote.com\/en\/reservation\/","og_locale":"en_US","og_type":"article","og_title":"Reservation - Domaine de la Pr\u00e9vote","og_description":"[vc_row row_height_percent=&#8221;0&#8243; overlay_alpha=&#8221;90&#8243; gutter_size=&#8221;3&#8243; column_width_percent=&#8221;100&#8243; shift_y=&#8221;0&#8243; z_index=&#8221;0&#8243; uncode_shortcode_id=&#8221;570053&#8243; css=&#8221;.vc_custom_1706862090166{padding-top: 50px !important;padding-bottom: 80px !important;}&#8221;][vc_column width=&#8221;1\/2&#8243;][vc_column_text uncode_shortcode_id=&#8221;398284&#8243;]Rent one or two vacation rentals: [&hellip;]","og_url":"https:\/\/domainedelaprevote.com\/en\/reservation\/","og_site_name":"Domaine de la Pr\u00e9vote","article_modified_time":"2026-04-14T12:46:27+00:00","og_image":[{"width":1200,"height":710,"url":"https:\/\/domainedelaprevote.com\/wp-content\/uploads\/2024\/06\/titre-reservation.jpg","type":"image\/jpeg"}],"twitter_card":"summary_large_image","schema":{"@context":"https:\/\/schema.org","@graph":[{"@type":"WebPage","@id":"https:\/\/domainedelaprevote.com\/en\/reservation\/","url":"https:\/\/domainedelaprevote.com\/en\/reservation\/","name":"Reservation - Domaine de la Pr\u00e9vote","isPartOf":{"@id":"https:\/\/domainedelaprevote.com\/en\/#website"},"primaryImageOfPage":{"@id":"https:\/\/domainedelaprevote.com\/en\/reservation\/#primaryimage"},"image":{"@id":"https:\/\/domainedelaprevote.com\/en\/reservation\/#primaryimage"},"thumbnailUrl":"https:\/\/domainedelaprevote.com\/wp-content\/uploads\/2024\/06\/titre-reservation.jpg","datePublished":"2023-10-19T08:54:17+00:00","dateModified":"2026-04-14T12:46:27+00:00","breadcrumb":{"@id":"https:\/\/domainedelaprevote.com\/en\/reservation\/#breadcrumb"},"inLanguage":"en-US","potentialAction":[{"@type":"ReadAction","target":["https:\/\/domainedelaprevote.com\/en\/reservation\/"]}]},{"@type":"ImageObject","inLanguage":"en-US","@id":"https:\/\/domainedelaprevote.com\/en\/reservation\/#primaryimage","url":"https:\/\/domainedelaprevote.com\/wp-content\/uploads\/2024\/06\/titre-reservation.jpg","contentUrl":"https:\/\/domainedelaprevote.com\/wp-content\/uploads\/2024\/06\/titre-reservation.jpg","width":1200,"height":710},{"@type":"BreadcrumbList","@id":"https:\/\/domainedelaprevote.com\/en\/reservation\/#breadcrumb","itemListElement":[{"@type":"ListItem","position":1,"name":"Accueil","item":"https:\/\/domainedelaprevote.com\/en\/"},{"@type":"ListItem","position":2,"name":"Reservation"}]},{"@type":"WebSite","@id":"https:\/\/domainedelaprevote.com\/en\/#website","url":"https:\/\/domainedelaprevote.com\/en\/","name":"Domaine de la Pr\u00e9v\u00f4te","description":"G\u00eetes Proven\u00e7aux et Vignobles","publisher":{"@id":"https:\/\/domainedelaprevote.com\/en\/#organization"},"potentialAction":[{"@type":"SearchAction","target":{"@type":"EntryPoint","urlTemplate":"https:\/\/domainedelaprevote.com\/en\/?s={search_term_string}"},"query-input":{"@type":"PropertyValueSpecification","valueRequired":true,"valueName":"search_term_string"}}],"inLanguage":"en-US"},{"@type":"Organization","@id":"https:\/\/domainedelaprevote.com\/en\/#organization","name":"Domaine de la Pr\u00e9v\u00f4te","url":"https:\/\/domainedelaprevote.com\/en\/","logo":{"@type":"ImageObject","inLanguage":"en-US","@id":"https:\/\/domainedelaprevote.com\/en\/#\/schema\/logo\/image\/","url":"https:\/\/domainedelaprevote.com\/wp-content\/uploads\/2024\/05\/logo-domaine-prevote@2x.png","contentUrl":"https:\/\/domainedelaprevote.com\/wp-content\/uploads\/2024\/05\/logo-domaine-prevote@2x.png","width":800,"height":352,"caption":"Domaine de la Pr\u00e9v\u00f4te"},"image":{"@id":"https:\/\/domainedelaprevote.com\/en\/#\/schema\/logo\/image\/"}}]}},"_links":{"self":[{"href":"https:\/\/domainedelaprevote.com\/en\/wp-json\/wp\/v2\/pages\/1482","targetHints":{"allow":["GET"]}}],"collection":[{"href":"https:\/\/domainedelaprevote.com\/en\/wp-json\/wp\/v2\/pages"}],"about":[{"href":"https:\/\/domainedelaprevote.com\/en\/wp-json\/wp\/v2\/types\/page"}],"author":[{"embeddable":true,"href":"https:\/\/domainedelaprevote.com\/en\/wp-json\/wp\/v2\/users\/1"}],"replies":[{"embeddable":true,"href":"https:\/\/domainedelaprevote.com\/en\/wp-json\/wp\/v2\/comments?post=1482"}],"version-history":[{"count":3,"href":"https:\/\/domainedelaprevote.com\/en\/wp-json\/wp\/v2\/pages\/1482\/revisions"}],"predecessor-version":[{"id":1485,"href":"https:\/\/domainedelaprevote.com\/en\/wp-json\/wp\/v2\/pages\/1482\/revisions\/1485"}],"wp:featuredmedia":[{"embeddable":true,"href":"https:\/\/domainedelaprevote.com\/en\/wp-json\/wp\/v2\/media\/873"}],"wp:attachment":[{"href":"https:\/\/domainedelaprevote.com\/en\/wp-json\/wp\/v2\/media?parent=1482"}],"curies":[{"name":"wp","href":"https:\/\/api.w.org\/{rel}","templated":true}]}}